{"id":1557,"date":"2023-09-04T10:58:48","date_gmt":"2023-09-04T09:58:48","guid":{"rendered":"https:\/\/www.dogbeavou-associes.com\/?page_id=1557"},"modified":"2023-09-25T13:54:29","modified_gmt":"2023-09-25T13:54:29","slug":"messan-ayi-hugues-free-man","status":"publish","type":"page","link":"https:\/\/www.dogbeavou-associes.com\/en\/messan-ayi-hugues-free-man\/","title":{"rendered":"MESSAN Ayi Hugues Free Man"},"content":{"rendered":"<style>\/*! elementor - v3.15.0 - 31-07-2023 *\/<br \/>\n.elementor-column .elementor-spacer-inner{height:var(--spacer-size)}.e-con{--container-widget-width:100%}.e-con-inner>.elementor-widget-spacer,.e-con>.elementor-widget-spacer{width:var(--container-widget-width,var(--spacer-size));--align-self:var(--container-widget-align-self,initial);--flex-shrink:0}.e-con-inner>.elementor-widget-spacer>.elementor-widget-container,.e-con-inner>.elementor-widget-spacer>.elementor-widget-container>.elementor-spacer,.e-con>.elementor-widget-spacer>.elementor-widget-container,.e-con>.elementor-widget-spacer>.elementor-widget-container>.elementor-spacer{height:100%}.e-con-inner>.elementor-widget-spacer>.elementor-widget-container>.elementor-spacer>.elementor-spacer-inner,.e-con>.elementor-widget-spacer>.elementor-widget-container>.elementor-spacer>.elementor-spacer-inner{height:var(--container-widget-height,var(--spacer-size))}<\/style>\n<style>\/*! elementor - v3.15.0 - 31-07-2023 *\/<br \/>\n.elementor-heading-title{padding:0;margin:0;line-height:1}.elementor-widget-heading .elementor-heading-title[class*=elementor-size-]>a{color:inherit;font-size:inherit;line-height:inherit}.elementor-widget-heading .elementor-heading-title.elementor-size-small{font-size:15px}.elementor-widget-heading .elementor-heading-title.elementor-size-medium{font-size:19px}.elementor-widget-heading .elementor-heading-title.elementor-size-large{font-size:29px}.elementor-widget-heading .elementor-heading-title.elementor-size-xl{font-size:39px}.elementor-widget-heading .elementor-heading-title.elementor-size-xxl{font-size:59px}<\/style>\n<h2>MESSAN Ayi Hugues Free Man<\/h2>\n<p>Juriste<\/p>\n<p>D\u00e9tenteur d\u2019un master <em>in Buisses Administration<\/em>, option droit des affaires \u00e0 l\u2019Institut sup\u00e9rieur de management de Dakar, MESSAN Ayi Hugues Free Man est depuis plus de cinq ans un juriste au sein de la SCP DOGBEAVOU.<\/p>\n<p>Charg\u00e9 des recouvrements de cr\u00e9ance et des r\u00e9alisations de garanties mobili\u00e8re et immobili\u00e8re, MESSAN Ayi Hugues Free Man, \u00e0 travailler avec de nombreuses banques, institutions financi\u00e8re et particuliers, tant nationaux, qu\u2019internationaux. Afin de permettre \u00e0 ces derniers de rentrer dans leurs droits face \u00e0 un d\u00e9biteur r\u00e9calcitrant au paiement de sa dette.<\/p>\n<p>MESSAN Ayi Hugues Free Man met aujourd\u2019hui son exp\u00e9rience pratique \u00e0 votre service, afin de prot\u00e9ger vos int\u00e9r\u00eats et de vous aider \u00e0 rentrer dans vos droits dans les plus brefs d\u00e9lais.<\/p>","protected":false},"excerpt":{"rendered":"<p>MESSAN Ayi Hugues Free Man Juriste D\u00e9tenteur d\u2019un master in Buisses Administration, option droit des affaires \u00e0 l\u2019Institut sup\u00e9rieur de management de Dakar, MESSAN Ayi Hugues Free Man est depuis plus de cinq ans un juriste au sein de la SCP DOGBEAVOU. Charg\u00e9 des recouvrements de cr\u00e9ance et des r\u00e9alisations de garanties mobili\u00e8re et immobili\u00e8re, [&hellip;]<\/p>","protected":false},"author":1,"featured_media":0,"parent":0,"menu_order":0,"comment_status":"closed","ping_status":"closed","template":"elementor_header_footer","meta":{"footnotes":""},"class_list":["post-1557","page","type-page","status-publish","hentry"],"_links":{"self":[{"href":"https:\/\/www.dogbeavou-associes.com\/en\/wp-json\/wp\/v2\/pages\/1557","targetHints":{"allow":["GET"]}}],"collection":[{"href":"https:\/\/www.dogbeavou-associes.com\/en\/wp-json\/wp\/v2\/pages"}],"about":[{"href":"https:\/\/www.dogbeavou-associes.com\/en\/wp-json\/wp\/v2\/types\/page"}],"author":[{"embeddable":true,"href":"https:\/\/www.dogbeavou-associes.com\/en\/wp-json\/wp\/v2\/users\/1"}],"replies":[{"embeddable":true,"href":"https:\/\/www.dogbeavou-associes.com\/en\/wp-json\/wp\/v2\/comments?post=1557"}],"version-history":[{"count":8,"href":"https:\/\/www.dogbeavou-associes.com\/en\/wp-json\/wp\/v2\/pages\/1557\/revisions"}],"predecessor-version":[{"id":1566,"href":"https:\/\/www.dogbeavou-associes.com\/en\/wp-json\/wp\/v2\/pages\/1557\/revisions\/1566"}],"wp:attachment":[{"href":"https:\/\/www.dogbeavou-associes.com\/en\/wp-json\/wp\/v2\/media?parent=1557"}],"curies":[{"name":"wp","href":"https:\/\/api.w.org\/{rel}","templated":true}]}}