{"id":1574,"date":"2023-09-04T11:10:53","date_gmt":"2023-09-04T10:10:53","guid":{"rendered":"https:\/\/www.dogbeavou-associes.com\/?page_id=1574"},"modified":"2023-09-25T14:01:32","modified_gmt":"2023-09-25T14:01:32","slug":"effossou-assande-cedric-lionnel","status":"publish","type":"page","link":"https:\/\/www.dogbeavou-associes.com\/en\/effossou-assande-cedric-lionnel\/","title":{"rendered":"EFFOSSOU Assand\u00e9 C\u00e9dric Lionnel"},"content":{"rendered":"<style>\/*! elementor - v3.15.0 - 31-07-2023 *\/<br \/>\n.elementor-column .elementor-spacer-inner{height:var(--spacer-size)}.e-con{--container-widget-width:100%}.e-con-inner>.elementor-widget-spacer,.e-con>.elementor-widget-spacer{width:var(--container-widget-width,var(--spacer-size));--align-self:var(--container-widget-align-self,initial);--flex-shrink:0}.e-con-inner>.elementor-widget-spacer>.elementor-widget-container,.e-con-inner>.elementor-widget-spacer>.elementor-widget-container>.elementor-spacer,.e-con>.elementor-widget-spacer>.elementor-widget-container,.e-con>.elementor-widget-spacer>.elementor-widget-container>.elementor-spacer{height:100%}.e-con-inner>.elementor-widget-spacer>.elementor-widget-container>.elementor-spacer>.elementor-spacer-inner,.e-con>.elementor-widget-spacer>.elementor-widget-container>.elementor-spacer>.elementor-spacer-inner{height:var(--container-widget-height,var(--spacer-size))}<\/style>\n<style>\/*! elementor - v3.15.0 - 31-07-2023 *\/<br \/>\n.elementor-heading-title{padding:0;margin:0;line-height:1}.elementor-widget-heading .elementor-heading-title[class*=elementor-size-]>a{color:inherit;font-size:inherit;line-height:inherit}.elementor-widget-heading .elementor-heading-title.elementor-size-small{font-size:15px}.elementor-widget-heading .elementor-heading-title.elementor-size-medium{font-size:19px}.elementor-widget-heading .elementor-heading-title.elementor-size-large{font-size:29px}.elementor-widget-heading .elementor-heading-title.elementor-size-xl{font-size:39px}.elementor-widget-heading .elementor-heading-title.elementor-size-xxl{font-size:59px}<\/style>\n<h2>EFFOSSOU Assand\u00e9 C\u00e9dric Lionnel<\/h2>\n<p>Juriste<\/p>\n<p>D\u00e9tenteur d\u2019un master en droit de l\u2019entreprise de l\u2019universit\u00e9 de Douai et d\u2019un master en droit bancaire et des assurances, EFFOSSOU Assand\u00e9 C\u00e9dric Lionnel est depuis quelques ann\u00e9es un juriste au sein de la SCP DOGBEAVOU.<\/p>\n<p>Charg\u00e9 des dossiers d\u2019investissements, du contentieux bancaires, financiers, et fiscaux, EFFOSSOU Assand\u00e9 C\u00e9dric Lionnel assiste aussi Maitre EKLOU Koffi S\u00e9m\u00e9gno dans les affaires relatives \u00e0 la fiscalit\u00e9s des particuliers et des entreprises.<\/p>\n<p>EFFOSSOU Assand\u00e9 C\u00e9dric Lionnel met aujourd\u2019hui son exp\u00e9rience pratique a votre service pour vous permettre de faire les choix les plus strat\u00e9giques et adapt\u00e9s \u00e0 vos besoins.<\/p>","protected":false},"excerpt":{"rendered":"<p>EFFOSSOU Assand\u00e9 C\u00e9dric Lionnel Juriste D\u00e9tenteur d\u2019un master en droit de l\u2019entreprise de l\u2019universit\u00e9 de Douai et d\u2019un master en droit bancaire et des assurances, EFFOSSOU Assand\u00e9 C\u00e9dric Lionnel est depuis quelques ann\u00e9es un juriste au sein de la SCP DOGBEAVOU. Charg\u00e9 des dossiers d\u2019investissements, du contentieux bancaires, financiers, et fiscaux, EFFOSSOU Assand\u00e9 C\u00e9dric Lionnel [&hellip;]<\/p>","protected":false},"author":1,"featured_media":0,"parent":0,"menu_order":0,"comment_status":"closed","ping_status":"closed","template":"elementor_header_footer","meta":{"footnotes":""},"class_list":["post-1574","page","type-page","status-publish","hentry"],"_links":{"self":[{"href":"https:\/\/www.dogbeavou-associes.com\/en\/wp-json\/wp\/v2\/pages\/1574","targetHints":{"allow":["GET"]}}],"collection":[{"href":"https:\/\/www.dogbeavou-associes.com\/en\/wp-json\/wp\/v2\/pages"}],"about":[{"href":"https:\/\/www.dogbeavou-associes.com\/en\/wp-json\/wp\/v2\/types\/page"}],"author":[{"embeddable":true,"href":"https:\/\/www.dogbeavou-associes.com\/en\/wp-json\/wp\/v2\/users\/1"}],"replies":[{"embeddable":true,"href":"https:\/\/www.dogbeavou-associes.com\/en\/wp-json\/wp\/v2\/comments?post=1574"}],"version-history":[{"count":6,"href":"https:\/\/www.dogbeavou-associes.com\/en\/wp-json\/wp\/v2\/pages\/1574\/revisions"}],"predecessor-version":[{"id":1943,"href":"https:\/\/www.dogbeavou-associes.com\/en\/wp-json\/wp\/v2\/pages\/1574\/revisions\/1943"}],"wp:attachment":[{"href":"https:\/\/www.dogbeavou-associes.com\/en\/wp-json\/wp\/v2\/media?parent=1574"}],"curies":[{"name":"wp","href":"https:\/\/api.w.org\/{rel}","templated":true}]}}