{"id":1615,"date":"2023-09-04T11:37:37","date_gmt":"2023-09-04T10:37:37","guid":{"rendered":"https:\/\/www.dogbeavou-associes.com\/?page_id=1615"},"modified":"2023-09-25T13:57:06","modified_gmt":"2023-09-25T13:57:06","slug":"signon-kodjo-theo","status":"publish","type":"page","link":"https:\/\/www.dogbeavou-associes.com\/en\/signon-kodjo-theo\/","title":{"rendered":"SIGNON Kodjo Th\u00e9o"},"content":{"rendered":"<style>\/*! elementor - v3.15.0 - 31-07-2023 *\/<br \/>\n.elementor-column .elementor-spacer-inner{height:var(--spacer-size)}.e-con{--container-widget-width:100%}.e-con-inner>.elementor-widget-spacer,.e-con>.elementor-widget-spacer{width:var(--container-widget-width,var(--spacer-size));--align-self:var(--container-widget-align-self,initial);--flex-shrink:0}.e-con-inner>.elementor-widget-spacer>.elementor-widget-container,.e-con-inner>.elementor-widget-spacer>.elementor-widget-container>.elementor-spacer,.e-con>.elementor-widget-spacer>.elementor-widget-container,.e-con>.elementor-widget-spacer>.elementor-widget-container>.elementor-spacer{height:100%}.e-con-inner>.elementor-widget-spacer>.elementor-widget-container>.elementor-spacer>.elementor-spacer-inner,.e-con>.elementor-widget-spacer>.elementor-widget-container>.elementor-spacer>.elementor-spacer-inner{height:var(--container-widget-height,var(--spacer-size))}<\/style>\n<style>\/*! elementor - v3.15.0 - 31-07-2023 *\/<br \/>\n.elementor-heading-title{padding:0;margin:0;line-height:1}.elementor-widget-heading .elementor-heading-title[class*=elementor-size-]>a{color:inherit;font-size:inherit;line-height:inherit}.elementor-widget-heading .elementor-heading-title.elementor-size-small{font-size:15px}.elementor-widget-heading .elementor-heading-title.elementor-size-medium{font-size:19px}.elementor-widget-heading .elementor-heading-title.elementor-size-large{font-size:29px}.elementor-widget-heading .elementor-heading-title.elementor-size-xl{font-size:39px}.elementor-widget-heading .elementor-heading-title.elementor-size-xxl{font-size:59px}<\/style>\n<h2>SIGNON Kodjo Th\u00e9o<\/h2>\n<p>Juriste<\/p>\n<p>Juriste au sein de la SCP DOGBEAVOU &amp; ASSOCIES, SIGNON Kodjo Th\u00e9o est sp\u00e9cialiste en droit priv\u00e9 des affaires et en droit du transport et de la logistique.<\/p>\n<p>Il g\u00e8re au sein du cabinet toutes les affaires relatives au transport routier.<\/p>\n<p>\u00c9l\u00e9ment mobile de notre cabinet, il se d\u00e9placera peu importe o\u00f9 vous \u00eates afin de vous fournir l\u2019assistance et les conseils n\u00e9cessaire face \u00e0 la r\u00e9alisation d\u2019un sinistre.<\/p>","protected":false},"excerpt":{"rendered":"<p>SIGNON Kodjo Th\u00e9o Juriste Juriste au sein de la SCP DOGBEAVOU &amp; ASSOCIES, SIGNON Kodjo Th\u00e9o est sp\u00e9cialiste en droit priv\u00e9 des affaires et en droit du transport et de la logistique. Il g\u00e8re au sein du cabinet toutes les affaires relatives au transport routier. \u00c9l\u00e9ment mobile de notre cabinet, il se d\u00e9placera peu importe [&hellip;]<\/p>","protected":false},"author":1,"featured_media":0,"parent":0,"menu_order":0,"comment_status":"closed","ping_status":"closed","template":"elementor_header_footer","meta":{"footnotes":""},"class_list":["post-1615","page","type-page","status-publish","hentry"],"_links":{"self":[{"href":"https:\/\/www.dogbeavou-associes.com\/en\/wp-json\/wp\/v2\/pages\/1615","targetHints":{"allow":["GET"]}}],"collection":[{"href":"https:\/\/www.dogbeavou-associes.com\/en\/wp-json\/wp\/v2\/pages"}],"about":[{"href":"https:\/\/www.dogbeavou-associes.com\/en\/wp-json\/wp\/v2\/types\/page"}],"author":[{"embeddable":true,"href":"https:\/\/www.dogbeavou-associes.com\/en\/wp-json\/wp\/v2\/users\/1"}],"replies":[{"embeddable":true,"href":"https:\/\/www.dogbeavou-associes.com\/en\/wp-json\/wp\/v2\/comments?post=1615"}],"version-history":[{"count":6,"href":"https:\/\/www.dogbeavou-associes.com\/en\/wp-json\/wp\/v2\/pages\/1615\/revisions"}],"predecessor-version":[{"id":1932,"href":"https:\/\/www.dogbeavou-associes.com\/en\/wp-json\/wp\/v2\/pages\/1615\/revisions\/1932"}],"wp:attachment":[{"href":"https:\/\/www.dogbeavou-associes.com\/en\/wp-json\/wp\/v2\/media?parent=1615"}],"curies":[{"name":"wp","href":"https:\/\/api.w.org\/{rel}","templated":true}]}}